{"id":8856,"date":"2021-05-07T15:22:30","date_gmt":"2021-05-07T13:22:30","guid":{"rendered":"https:\/\/sleepy-visvesvaraya.45-82-191-31.plesk.page\/promo\/"},"modified":"2021-06-24T08:46:36","modified_gmt":"2021-06-24T06:46:36","slug":"promo","status":"publish","type":"page","link":"https:\/\/modulehome.be\/fr\/promo\/","title":{"rendered":"Promo"},"content":{"rendered":"<section class=\"l-section wpb_row us_custom_f49bc683 height_custom color_primary with_img parallax_hor bgwidth_120 with_shape\"><div class=\"l-section-img\" style=\"background-image: url(https:\/\/modulehome.be\/wp-content\/uploads\/2021\/02\/seniorpre_2020-04-22-20-17-05.jpg);\" data-img-width=\"1920\" data-img-height=\"1080\"><\/div><div class=\"l-section-overlay\" style=\"background:rgba(2,2,2,0.67)\"><\/div><div class=\"l-section-shape type_triangle-2 pos_bottom\" style=\"height:13vh;\"><svg xmlns=\"http:\/\/www.w3.org\/2000\/svg\" viewBox=\"0 0 64 8\" preserveAspectRatio=\"none\" width=\"100%\" height=\"100%\">\n\t<path fill=\"currentColor\" d=\"M64 8 L0 8 L0 0 L48 7.9 L64 0 Z\"\/>\n<\/svg><\/div><div class=\"l-section-h i-cf\"><div class=\"g-cols via_flex valign_top type_default\"><div class=\"vc_col-sm-12 wpb_column vc_column_container\"><div class=\"vc_column-inner\"><div class=\"wpb_wrapper\"><div class=\"wpb_text_column\"><div class=\"wpb_wrapper\"><h1 style=\"text-align: center;\">Promo<\/h1>\n<\/div><\/div><div class=\"w-separator size_small\"><\/div><div class=\"w-iconbox iconpos_top style_default color_custom align_center no_title no_text\"><a href=\"#intro\" class=\"w-iconbox-link\" aria-label=\"far|chevron-down\"><div class=\"w-iconbox-icon\" style=\"font-size:3rem;color:#ffffff;\"><i class=\"far fa-chevron-down\"><\/i><\/div><\/a><div class=\"w-iconbox-meta\"><\/div><\/div><div class=\"w-separator size_medium\"><\/div><\/div><\/div><\/div><\/div><\/div><\/section><section class=\"l-section wpb_row height_auto\"><div class=\"l-section-h i-cf\"><div class=\"g-cols via_flex valign_top type_default\" style=\"--additional-gap:10px;\"><div class=\"vc_col-sm-12 wpb_column vc_column_container\"><div class=\"vc_column-inner us_custom_044f310d\"><div class=\"wpb_wrapper\"><div class=\"w-separator size_medium\"><\/div><div class=\"wpb_text_column\"><div class=\"wpb_wrapper\"><h2>Vous trouverez ici un aper\u00e7u de nos unit\u00e9s pr\u00e9fabriqu\u00e9es qui sont directement livrables de stock !<\/h2>\n<\/div><\/div><div class=\"w-separator size_medium\"><\/div><\/div><\/div><\/div><\/div><\/div><\/section><section class=\"l-section wpb_row height_custom\"><div class=\"l-section-h i-cf\"><div class=\"g-cols via_flex valign_top type_default\"><div class=\"vc_col-sm-12 wpb_column vc_column_container\"><div class=\"vc_column-inner\"><div class=\"wpb_wrapper\"><div class=\"w-grid type_grid layout_portfolio_5 cols_4 with_filters ratio_1x1\" id=\"us_grid_1\"><style>#us_grid_1 .w-grid-item{padding:5px}#us_grid_1 .w-grid-list{margin:5px -5px -5px}.w-grid + #us_grid_1 .w-grid-list{margin-top:5px}@media (max-width:1199px){#us_grid_1 .w-grid-item{width:33.3333%}#us_grid_1 .w-grid-item.size_2x1,#us_grid_1 .w-grid-item.size_2x2{width:66.6667%}}@media (max-width:899px){#us_grid_1 .w-grid-item{width:50%}#us_grid_1 .w-grid-item.size_2x1,#us_grid_1 .w-grid-item.size_2x2{width:100%}}@media (max-width:599px){#us_grid_1 .w-grid-list{margin:0}#us_grid_1 .w-grid-item{width:100%;padding:0;margin-bottom:5px}}.layout_portfolio_5 .w-grid-item-h:before{padding-bottom:100%}@media (min-width:600px){.layout_portfolio_5 .w-grid-item.size_1x2 .w-grid-item-h:before{padding-bottom:calc(200% + 5px + 5px)}.layout_portfolio_5 .w-grid-item.size_2x1 .w-grid-item-h:before{padding-bottom:calc(50% - 5px * 1)}.layout_portfolio_5 .w-grid-item.size_2x2 .w-grid-item-h:before{padding-bottom:calc(100% - 5px * 0)}}.layout_portfolio_5 .w-grid-item-h{background:var(--color-content-bg);color:var(--color-content-text)}.layout_portfolio_5 .usg_post_image_1{transition-duration:0.4s;transform-origin:50% 50%;transform:scale(1) translate(0,0)}.layout_portfolio_5 .w-grid-item-h:hover .usg_post_image_1{transform:scale(1.2) translate(0,0);opacity:1}.layout_portfolio_5 .usg_vwrapper_1{transition-duration:0.3s;transform-origin:50% 50%;transform:scale(0) translate(0,0);opacity:0}.layout_portfolio_5 .w-grid-item-h:hover .usg_vwrapper_1{transform:scale(1) translate(0,0);opacity:0.95}.layout_portfolio_5 .usg_post_image_1{position:absolute!important;top:0!important;right:0!important;bottom:0!important;left:0!important}.layout_portfolio_5 .usg_vwrapper_1{position:absolute!important;top:1.3rem!important;right:1.3rem!important;bottom:1.3rem!important;left:1.3rem!important;padding:2rem!important;background:inherit!important}.layout_portfolio_5 .usg_post_title_1{color:inherit!important;font-size:1.4rem!important}<\/style><div class=\"g-filters style_1 align_center\"><a class=\"g-filters-item active\" href=\"javascript:void(0)\" data-taxonomy=\"*\"><span>Tous<\/span><\/a><a class=\"g-filters-item\" href=\"javascript:void(0)\" data-taxonomy=\"annexe\" data-amount=\"2\"><span>Annexe<\/span><span class=\"g-filters-item-amount\">2<\/span><\/a><a class=\"g-filters-item\" href=\"javascript:void(0)\" data-taxonomy=\"appartement-fr\" data-amount=\"2\"><span>Appartement<\/span><span class=\"g-filters-item-amount\">2<\/span><\/a><a class=\"g-filters-item\" href=\"javascript:void(0)\" data-taxonomy=\"modeles-standards\" data-amount=\"1\"><span>Mod\u00e8les standards<\/span><span class=\"g-filters-item-amount\">1<\/span><\/a><a class=\"g-filters-item\" href=\"javascript:void(0)\" data-taxonomy=\"poolhouses-fr\" data-amount=\"2\"><span>Poolhouses<\/span><span class=\"g-filters-item-amount\">2<\/span><\/a><\/div><div class=\"w-grid-list\" data-filter_taxonomy_name=\"us_portfolio_category\" data-filter_default_taxonomies=\"appartement,bijbouw,mantelzorg-woning,poolhouses,standaard-modellen\"><\/div><div class=\"w-grid-preloader\"><div class=\"g-preloader type_1\">\n\t<div><\/div>\n<\/div>\n<\/div>\t<div class=\"w-grid-json hidden\" onclick='return {&quot;action&quot;:&quot;us_ajax_grid&quot;,&quot;ajax_url&quot;:&quot;https:\\\/\\\/modulehome.be\\\/wp-admin\\\/admin-ajax.php&quot;,&quot;infinite_scroll&quot;:0,&quot;max_num_pages&quot;:0,&quot;pagination&quot;:&quot;none&quot;,&quot;permalink_url&quot;:&quot;https:\\\/\\\/modulehome.be\\\/fr\\\/wp-json\\\/wp\\\/v2\\\/pages\\\/8856\\\/&quot;,&quot;template_vars&quot;:{&quot;columns&quot;:&quot;4&quot;,&quot;exclude_items&quot;:&quot;none&quot;,&quot;img_size&quot;:&quot;default&quot;,&quot;ignore_items_size&quot;:false,&quot;items_layout&quot;:&quot;portfolio_5&quot;,&quot;items_offset&quot;:&quot;1&quot;,&quot;load_animation&quot;:&quot;none&quot;,&quot;overriding_link&quot;:&quot;post&quot;,&quot;post_id&quot;:8856,&quot;query_args&quot;:{&quot;post_type&quot;:[&quot;us_portfolio&quot;],&quot;tax_query&quot;:[{&quot;taxonomy&quot;:&quot;us_portfolio_category&quot;,&quot;field&quot;:&quot;slug&quot;,&quot;terms&quot;:[&quot;appartement&quot;,&quot;bijbouw&quot;,&quot;mantelzorg-woning&quot;,&quot;poolhouses&quot;,&quot;standaard-modellen&quot;]},{&quot;taxonomy&quot;:&quot;us_portfolio_tag&quot;,&quot;field&quot;:&quot;slug&quot;,&quot;terms&quot;:[&quot;promo&quot;,&quot;casco&quot;,&quot;sleutel-op-de-deur&quot;]}],&quot;post_status&quot;:[&quot;publish&quot;,&quot;acf-disabled&quot;],&quot;posts_per_page&quot;:999},&quot;orderby_query_args&quot;:{&quot;orderby&quot;:{&quot;date&quot;:&quot;DESC&quot;}},&quot;type&quot;:&quot;grid&quot;,&quot;us_grid_ajax_index&quot;:1,&quot;us_grid_filter_params&quot;:null,&quot;us_grid_index&quot;:1,&quot;_us_grid_post_type&quot;:&quot;us_portfolio&quot;,&quot;lang&quot;:&quot;fr&quot;}}'><\/div>\n\t<h4 class=\"w-grid-none\">Aucun r\u00e9sultat.<\/h4><\/div><div class=\"w-separator size_small\"><\/div><\/div><\/div><\/div><\/div><\/div><\/section><section class=\"l-section wpb_row height_medium color_primary with_shape\"><div class=\"l-section-shape type_triangle-2-inv pos_top\" style=\"height:13vh;\"><svg xmlns=\"http:\/\/www.w3.org\/2000\/svg\" viewBox=\"0 0 64 8\" preserveAspectRatio=\"none\" width=\"100%\" height=\"100%\">\n\t<path fill=\"currentColor\" d=\"M64 9 L0 9 L0 7.9 L48 0 L64 7.9 Z\"\/>\n<\/svg><\/div><div class=\"l-section-h i-cf\"><div class=\"g-cols via_flex valign_top type_default\"><div class=\"vc_col-sm-12 wpb_column vc_column_container\"><div class=\"vc_column-inner\"><div class=\"wpb_wrapper\"><\/div><\/div><\/div><\/div><\/div><\/section>\n","protected":false},"excerpt":{"rendered":"Promo Vous trouverez ici un aper\u00e7u de nos unit\u00e9s pr\u00e9fabriqu\u00e9es qui sont directement livrables de stock ! TousAnnexe2Appartement2Mod\u00e8les standards1Poolhouses2 Aucun r\u00e9sultat.","protected":false},"author":5,"featured_media":0,"parent":0,"menu_order":0,"comment_status":"closed","ping_status":"closed","template":"","meta":{"_acf_changed":false,"footnotes":""},"class_list":["post-8856","page","type-page","status-publish","hentry"],"acf":[],"yoast_head":"<!-- This site is optimized with the Yoast SEO plugin v27.0 - https:\/\/yoast.com\/product\/yoast-seo-wordpress\/ -->\n<title>Promo - Modulehome<\/title>\n<meta name=\"robots\" content=\"index, follow, max-snippet:-1, max-image-preview:large, max-video-preview:-1\" \/>\n<link rel=\"canonical\" href=\"https:\/\/modulehome.be\/fr\/promo\/\" \/>\n<meta property=\"og:locale\" content=\"fr_FR\" \/>\n<meta property=\"og:type\" content=\"article\" \/>\n<meta property=\"og:title\" content=\"Promo - Modulehome\" \/>\n<meta property=\"og:url\" content=\"https:\/\/modulehome.be\/fr\/promo\/\" \/>\n<meta property=\"og:site_name\" content=\"Modulehome\" \/>\n<meta property=\"og:image\" content=\"https:\/\/modulehome.be\/wp-content\/uploads\/2021\/02\/Logo-vierkant-vr2_Tekengebied-1.png\" \/>\n\t<meta property=\"og:image:width\" content=\"920\" \/>\n\t<meta property=\"og:image:height\" content=\"920\" \/>\n\t<meta property=\"og:image:type\" content=\"image\/png\" \/>\n<meta name=\"twitter:card\" content=\"summary_large_image\" \/>\n<meta name=\"twitter:label1\" content=\"Dur\u00e9e de lecture estim\u00e9e\" \/>\n\t<meta name=\"twitter:data1\" content=\"1 minute\" \/>\n<!-- \/ Yoast SEO plugin. -->","yoast_head_json":{"title":"Promo - Modulehome","robots":{"index":"index","follow":"follow","max-snippet":"max-snippet:-1","max-image-preview":"max-image-preview:large","max-video-preview":"max-video-preview:-1"},"canonical":"https:\/\/modulehome.be\/fr\/promo\/","og_locale":"fr_FR","og_type":"article","og_title":"Promo - Modulehome","og_url":"https:\/\/modulehome.be\/fr\/promo\/","og_site_name":"Modulehome","og_image":[{"width":920,"height":920,"url":"https:\/\/modulehome.be\/wp-content\/uploads\/2021\/02\/Logo-vierkant-vr2_Tekengebied-1.png","type":"image\/png"}],"twitter_card":"summary_large_image","twitter_misc":{"Dur\u00e9e de lecture estim\u00e9e":"1 minute"},"schema":{"@context":"https:\/\/schema.org","@graph":[{"@type":"WebPage","@id":"https:\/\/modulehome.be\/fr\/promo\/","url":"https:\/\/modulehome.be\/fr\/promo\/","name":"Promo - Modulehome","isPartOf":{"@id":"https:\/\/modulehome.be\/fr\/#website"},"datePublished":"2021-05-07T13:22:30+00:00","dateModified":"2021-06-24T06:46:36+00:00","breadcrumb":{"@id":"https:\/\/modulehome.be\/fr\/promo\/#breadcrumb"},"inLanguage":"fr-FR","potentialAction":[{"@type":"ReadAction","target":["https:\/\/modulehome.be\/fr\/promo\/"]}]},{"@type":"BreadcrumbList","@id":"https:\/\/modulehome.be\/fr\/promo\/#breadcrumb","itemListElement":[{"@type":"ListItem","position":1,"name":"Home","item":"https:\/\/modulehome.be\/fr\/"},{"@type":"ListItem","position":2,"name":"Promo"}]},{"@type":"WebSite","@id":"https:\/\/modulehome.be\/fr\/#website","url":"https:\/\/modulehome.be\/fr\/","name":"Modulehome","description":"Create your own space","publisher":{"@id":"https:\/\/modulehome.be\/fr\/#organization"},"potentialAction":[{"@type":"SearchAction","target":{"@type":"EntryPoint","urlTemplate":"https:\/\/modulehome.be\/fr\/?s={search_term_string}"},"query-input":{"@type":"PropertyValueSpecification","valueRequired":true,"valueName":"search_term_string"}}],"inLanguage":"fr-FR"},{"@type":"Organization","@id":"https:\/\/modulehome.be\/fr\/#organization","name":"Modulehome","url":"https:\/\/modulehome.be\/fr\/","logo":{"@type":"ImageObject","inLanguage":"fr-FR","@id":"https:\/\/modulehome.be\/fr\/#\/schema\/logo\/image\/","url":"https:\/\/modulehome.be\/wp-content\/uploads\/2021\/02\/Logo-vierkant-vr2_Tekengebied-1.png","contentUrl":"https:\/\/modulehome.be\/wp-content\/uploads\/2021\/02\/Logo-vierkant-vr2_Tekengebied-1.png","width":920,"height":920,"caption":"Modulehome"},"image":{"@id":"https:\/\/modulehome.be\/fr\/#\/schema\/logo\/image\/"}}]}},"jetpack_sharing_enabled":true,"_links":{"self":[{"href":"https:\/\/modulehome.be\/fr\/wp-json\/wp\/v2\/pages\/8856","targetHints":{"allow":["GET"]}}],"collection":[{"href":"https:\/\/modulehome.be\/fr\/wp-json\/wp\/v2\/pages"}],"about":[{"href":"https:\/\/modulehome.be\/fr\/wp-json\/wp\/v2\/types\/page"}],"author":[{"embeddable":true,"href":"https:\/\/modulehome.be\/fr\/wp-json\/wp\/v2\/users\/5"}],"replies":[{"embeddable":true,"href":"https:\/\/modulehome.be\/fr\/wp-json\/wp\/v2\/comments?post=8856"}],"version-history":[{"count":0,"href":"https:\/\/modulehome.be\/fr\/wp-json\/wp\/v2\/pages\/8856\/revisions"}],"wp:attachment":[{"href":"https:\/\/modulehome.be\/fr\/wp-json\/wp\/v2\/media?parent=8856"}],"curies":[{"name":"wp","href":"https:\/\/api.w.org\/{rel}","templated":true}]}}