{"id":8801,"date":"2021-05-21T15:15:48","date_gmt":"2021-05-21T13:15:48","guid":{"rendered":"https:\/\/sleepy-visvesvaraya.45-82-191-31.plesk.page\/nieuws\/"},"modified":"2022-08-09T16:28:11","modified_gmt":"2022-08-09T14:28:11","slug":"actualites","status":"publish","type":"page","link":"https:\/\/modulehome.be\/fr\/actualites\/","title":{"rendered":"Actualit\u00e9s"},"content":{"rendered":"<section class=\"l-section wpb_row us_custom_f49bc683 height_custom color_primary with_img with_shape\"><div class=\"l-section-img\" style=\"background-image: url(https:\/\/modulehome.be\/wp-content\/uploads\/2021\/09\/Modulehome_Marvapark_11.jpg);\" data-img-width=\"1366\" data-img-height=\"858\"><\/div><div class=\"l-section-overlay\" style=\"background:rgba(2,2,2,0.67)\"><\/div><div class=\"l-section-shape type_triangle-2 pos_bottom\"><svg xmlns=\"http:\/\/www.w3.org\/2000\/svg\" viewBox=\"0 0 64 8\" preserveAspectRatio=\"none\" width=\"100%\" height=\"100%\">\n\t<path fill=\"currentColor\" d=\"M64 8 L0 8 L0 0 L48 7.9 L64 0 Z\"\/>\n<\/svg><\/div><div class=\"l-section-h i-cf\"><div class=\"g-cols via_flex valign_top type_default\"><div class=\"vc_col-sm-12 wpb_column vc_column_container\"><div class=\"vc_column-inner\"><div class=\"wpb_wrapper\"><div class=\"wpb_text_column\"><div class=\"wpb_wrapper\"><h1 style=\"text-align: center;\">Actualit\u00e9s<\/h1>\n<\/div><\/div><div class=\"w-separator size_small\"><\/div><div class=\"w-iconbox iconpos_top style_default color_custom align_center no_title no_text\"><div class=\"w-iconbox-icon\" style=\"font-size:3rem;color:#ffffff;\"><i class=\"far fa-chevron-down\"><\/i><\/div><div class=\"w-iconbox-meta\"><\/div><\/div><div class=\"w-separator size_medium\"><\/div><\/div><\/div><\/div><\/div><\/div><\/section><section class=\"l-section wpb_row us_custom_c32a1d87 height_auto\"><div class=\"l-section-h i-cf\"><div class=\"g-cols via_flex valign_top type_default\"><div class=\"vc_col-sm-12 wpb_column vc_column_container\"><div class=\"vc_column-inner\"><div class=\"wpb_wrapper\"><div class=\"w-separator size_medium\"><\/div><div class=\"w-grid type_grid layout_portfolio_5 cols_4 ratio_1x1\" id=\"us_grid_1\" data-filterable=\"true\"><style>#us_grid_1 .w-grid-item{padding:2px}#us_grid_1 .w-grid-list{margin:-2px -2px 2px}.w-grid + #us_grid_1 .w-grid-list{margin-top:2px}@media (max-width:1199px){#us_grid_1 .w-grid-item{width:33.3333%}#us_grid_1 .w-grid-item.size_2x1,#us_grid_1 .w-grid-item.size_2x2{width:66.6667%}}@media (max-width:899px){#us_grid_1 .w-grid-item{width:50%}#us_grid_1 .w-grid-item.size_2x1,#us_grid_1 .w-grid-item.size_2x2{width:100%}}@media (max-width:599px){#us_grid_1 .w-grid-list{margin:0}#us_grid_1 .w-grid-item{width:100%;padding:0;margin-bottom:2px}}.layout_portfolio_5 .w-grid-item-h:before{padding-bottom:100%}@media (min-width:600px){.layout_portfolio_5 .w-grid-item.size_1x2 .w-grid-item-h:before{padding-bottom:calc(200% + 2px + 2px)}.layout_portfolio_5 .w-grid-item.size_2x1 .w-grid-item-h:before{padding-bottom:calc(50% - 2px * 1)}.layout_portfolio_5 .w-grid-item.size_2x2 .w-grid-item-h:before{padding-bottom:calc(100% - 2px * 0)}}.layout_portfolio_5 .w-grid-item-h{background:var(--color-content-bg);color:var(--color-content-text)}.layout_portfolio_5 .usg_post_image_1{transition-duration:0.4s;transform-origin:50% 50%;transform:scale(1) translate(0,0)}.layout_portfolio_5 .w-grid-item-h:hover .usg_post_image_1{transform:scale(1.2) translate(0,0);opacity:1}.layout_portfolio_5 .usg_vwrapper_1{transition-duration:0.3s;transform-origin:50% 50%;transform:scale(0) translate(0,0);opacity:0}.layout_portfolio_5 .w-grid-item-h:hover .usg_vwrapper_1{transform:scale(1) translate(0,0);opacity:0.95}.layout_portfolio_5 .usg_post_image_1{position:absolute!important;top:0!important;right:0!important;bottom:0!important;left:0!important}.layout_portfolio_5 .usg_vwrapper_1{position:absolute!important;top:1.3rem!important;right:1.3rem!important;bottom:1.3rem!important;left:1.3rem!important;padding:2rem!important;background:inherit!important}.layout_portfolio_5 .usg_post_title_1{color:inherit!important;font-size:1.4rem!important}<\/style><div class=\"w-grid-list\">\t<article class=\"w-grid-item size_1x1 post-8963 post type-post status-publish format-standard has-post-thumbnail hentry category-actualites\" data-id=\"8963\">\n\t\t<div class=\"w-grid-item-h\">\n\t\t\t\t\t\t\t<a class=\"w-grid-item-anchor\" href=\"https:\/\/modulehome.be\/fr\/seniorhome\/\" rel=\"bookmark\" aria-label=\"SENIOR@HOME\"><\/a>\n\t\t\t\t\t\t<div class=\"w-post-elm post_image usg_post_image_1 stretched\"><img loading=\"lazy\" decoding=\"async\" width=\"1024\" height=\"576\" src=\"https:\/\/modulehome.be\/wp-content\/uploads\/2021\/05\/enscape_2020-04-22-20-18-29-min-1024x576.jpeg\" class=\"attachment-large size-large wp-post-image\" alt=\"\" srcset=\"https:\/\/modulehome.be\/wp-content\/uploads\/2021\/05\/enscape_2020-04-22-20-18-29-min-1024x576.jpeg 1024w, https:\/\/modulehome.be\/wp-content\/uploads\/2021\/05\/enscape_2020-04-22-20-18-29-min-300x169.jpeg 300w, https:\/\/modulehome.be\/wp-content\/uploads\/2021\/05\/enscape_2020-04-22-20-18-29-min-1536x864.jpeg 1536w, https:\/\/modulehome.be\/wp-content\/uploads\/2021\/05\/enscape_2020-04-22-20-18-29-min.jpeg 1920w\" sizes=\"auto, (max-width: 1024px) 100vw, 1024px\" \/><\/div><div class=\"w-vwrapper usg_vwrapper_1 align_center valign_middle\"><h2 class=\"w-post-elm post_title usg_post_title_1 entry-title color_link_inherit has_text_color\">SENIOR@HOME<\/h2><\/div>\t\t<\/div>\n\t<\/article>\n<\/div><div class=\"w-grid-preloader\"><div class=\"g-preloader type_1\">\n\t<div><\/div>\n<\/div>\n<\/div>\t<div class=\"w-grid-json hidden\" onclick='return {&quot;action&quot;:&quot;us_ajax_grid&quot;,&quot;ajax_url&quot;:&quot;https:\\\/\\\/modulehome.be\\\/wp-admin\\\/admin-ajax.php&quot;,&quot;infinite_scroll&quot;:0,&quot;max_num_pages&quot;:1,&quot;pagination&quot;:&quot;infinite&quot;,&quot;permalink_url&quot;:&quot;https:\\\/\\\/modulehome.be\\\/fr\\\/wp-json\\\/wp\\\/v2\\\/pages\\\/8801\\\/&quot;,&quot;template_vars&quot;:{&quot;columns&quot;:&quot;4&quot;,&quot;exclude_items&quot;:&quot;none&quot;,&quot;img_size&quot;:&quot;default&quot;,&quot;ignore_items_size&quot;:false,&quot;items_layout&quot;:&quot;portfolio_5&quot;,&quot;items_offset&quot;:&quot;1&quot;,&quot;load_animation&quot;:&quot;none&quot;,&quot;overriding_link&quot;:&quot;post&quot;,&quot;post_id&quot;:8801,&quot;query_args&quot;:{&quot;post_type&quot;:[&quot;post&quot;],&quot;tax_query&quot;:[{&quot;taxonomy&quot;:&quot;category&quot;,&quot;field&quot;:&quot;slug&quot;,&quot;terms&quot;:[&quot;actualites&quot;,&quot;blog-fr&quot;]}],&quot;post_status&quot;:[&quot;publish&quot;,&quot;acf-disabled&quot;],&quot;posts_per_page&quot;:&quot;8&quot;},&quot;orderby_query_args&quot;:{&quot;orderby&quot;:{&quot;date&quot;:&quot;DESC&quot;}},&quot;type&quot;:&quot;grid&quot;,&quot;us_grid_ajax_index&quot;:1,&quot;us_grid_filter_params&quot;:null,&quot;us_grid_index&quot;:1,&quot;_us_grid_post_type&quot;:&quot;post&quot;,&quot;lang&quot;:&quot;fr&quot;}}'><\/div>\n\t<\/div><div class=\"w-separator size_medium\"><\/div><div class=\"w-separator size_medium\"><\/div><\/div><\/div><\/div><\/div><\/div><\/section><section class=\"l-section wpb_row  hide_on_tablets hide_on_mobiles height_medium color_primary with_shape\"><div class=\"l-section-shape type_triangle-2-inv pos_top\" style=\"height:13vh;\"><svg xmlns=\"http:\/\/www.w3.org\/2000\/svg\" viewBox=\"0 0 64 8\" preserveAspectRatio=\"none\" width=\"100%\" height=\"100%\">\n\t<path fill=\"currentColor\" d=\"M64 9 L0 9 L0 7.9 L48 0 L64 7.9 Z\"\/>\n<\/svg><\/div><div class=\"l-section-h i-cf\"><div class=\"g-cols via_flex valign_top type_default\"><div class=\"vc_col-sm-12 wpb_column vc_column_container\"><div class=\"vc_column-inner\"><div class=\"wpb_wrapper\"><\/div><\/div><\/div><\/div><\/div><\/section><section class=\"l-section wpb_row height_custom color_primary\"><div class=\"l-section-h i-cf\"><div class=\"g-cols via_flex valign_top type_default\"><div class=\"vc_col-sm-12 wpb_column vc_column_container\"><div class=\"vc_column-inner\"><div class=\"wpb_wrapper\"><div class=\"wpb_text_column\"><div class=\"wpb_wrapper\"><h2 style=\"text-align: left;\">Tour virtuel<\/h2>\n<\/div><\/div>[vc_custom_heading text=\u00a0\u00bbEnvie de d\u00e9couvrir nos maisons modulaires ? Vous pouvez maintenant jeter un \u0153il \u00e0 l\u2019une de nos cr\u00e9ations. Gr\u00e2ce \u00e0 notre visite virtuelle, il est possible de p\u00e9n\u00e9trer \u00e0 l\u2019int\u00e9rieur et, sans v\u00e9ritable visite, d\u2019entrer en contact avec l\u2019espace.\u00a0\u00bb font_container=\u00a0\u00bbtag:p|text_align:left\u00a0\u00bb use_theme_fonts=\u00a0\u00bbyes\u00a0\u00bb css=\u00a0\u00bb%7B%22default%22%3A%7B%22border-style%22%3A%22solid%22%2C%22border-color%22%3A%22%231a1a1a%22%7D%7D\u00a0\u00bb]<div class=\"g-cols wpb_row via_flex valign_top type_default\"><div class=\"vc_col-sm-4 wpb_column vc_column_container\"><div class=\"vc_column-inner\"><div class=\"wpb_wrapper\"><div class=\"w-image align_none\"><a target=\"_blank\" href=\"https:\/\/www.nodalview.com\/8ybvaA8VcS74iyzgLFK8PCV2\" rel=\"noopener\" aria-label=\"Lien\" class=\"w-image-h\"><img loading=\"lazy\" decoding=\"async\" width=\"844\" height=\"415\" src=\"https:\/\/modulehome.be\/wp-content\/uploads\/2021\/05\/360-2.png\" class=\"attachment-large size-large\" alt=\"\" srcset=\"https:\/\/modulehome.be\/wp-content\/uploads\/2021\/05\/360-2.png 844w, https:\/\/modulehome.be\/wp-content\/uploads\/2021\/05\/360-2-300x148.png 300w\" sizes=\"auto, (max-width: 844px) 100vw, 844px\" \/><\/a><\/div><div class=\"w-separator size_small\"><\/div><\/div><\/div><\/div><div class=\"vc_col-sm-4 wpb_column vc_column_container\"><div class=\"vc_column-inner\"><div class=\"wpb_wrapper\"><div class=\"w-image align_none\"><a target=\"_blank\" href=\"https:\/\/nodalview.com\/8Ne1EjeiMrRr9qnc8YjyX6qf\" rel=\"noopener\" aria-label=\"Lien\" class=\"w-image-h\"><img loading=\"lazy\" decoding=\"async\" width=\"844\" height=\"415\" src=\"https:\/\/modulehome.be\/wp-content\/uploads\/2021\/05\/360-1.png\" class=\"attachment-large size-large\" alt=\"\" srcset=\"https:\/\/modulehome.be\/wp-content\/uploads\/2021\/05\/360-1.png 844w, https:\/\/modulehome.be\/wp-content\/uploads\/2021\/05\/360-1-300x148.png 300w\" sizes=\"auto, (max-width: 844px) 100vw, 844px\" \/><\/a><\/div><div class=\"w-separator size_small\"><\/div><\/div><\/div><\/div><div class=\"vc_col-sm-4 wpb_column vc_column_container\"><div class=\"vc_column-inner\"><div class=\"wpb_wrapper\"><div class=\"w-image align_none\"><a target=\"_blank\" href=\"https:\/\/www.nodalview.com\/tVienZ68tC6rSbkF18o965gV\" rel=\"noopener\" aria-label=\"Lien\" class=\"w-image-h\"><img loading=\"lazy\" decoding=\"async\" width=\"844\" height=\"415\" src=\"https:\/\/modulehome.be\/wp-content\/uploads\/2021\/05\/360-3.png\" class=\"attachment-large size-large\" alt=\"\" srcset=\"https:\/\/modulehome.be\/wp-content\/uploads\/2021\/05\/360-3.png 844w, https:\/\/modulehome.be\/wp-content\/uploads\/2021\/05\/360-3-300x148.png 300w\" sizes=\"auto, (max-width: 844px) 100vw, 844px\" \/><\/a><\/div><div class=\"w-separator size_small\"><\/div><\/div><\/div><\/div><\/div><div class=\"w-separator size_medium\"><\/div><\/div><\/div><\/div><\/div><\/div><\/section><section class=\"l-section wpb_row  hide_on_tablets hide_on_mobiles height_medium color_primary with_shape\"><div class=\"l-section-shape type_triangle-2 pos_bottom\" style=\"height:13vh;\"><svg xmlns=\"http:\/\/www.w3.org\/2000\/svg\" viewBox=\"0 0 64 8\" preserveAspectRatio=\"none\" width=\"100%\" height=\"100%\">\n\t<path fill=\"currentColor\" d=\"M64 8 L0 8 L0 0 L48 7.9 L64 0 Z\"\/>\n<\/svg><\/div><div class=\"l-section-h i-cf\"><div class=\"g-cols via_flex valign_top type_default\"><div class=\"vc_col-sm-12 wpb_column vc_column_container\"><div class=\"vc_column-inner\"><div class=\"wpb_wrapper\"><\/div><\/div><\/div><\/div><\/div><\/section><section class=\"l-section wpb_row height_custom\"><div class=\"l-section-h i-cf\"><div class=\"g-cols via_flex valign_top type_default\"><div class=\"vc_col-sm-12 wpb_column vc_column_container\"><div class=\"vc_column-inner\"><div class=\"wpb_wrapper\"><div class=\"wpb_text_column\"><div class=\"wpb_wrapper\"><h2 class=\"vc_custom_heading us_custom_63462b70\">T\u00e9l\u00e9charger la brochure<\/h2>\n<\/div><\/div><div class=\"w-separator size_custom with_line width_default thick_2 style_solid color_primary align_center\" style=\"height:20px\"><div class=\"w-separator-h\"><\/div><\/div>\n<div class=\"wpcf7 no-js\" id=\"wpcf7-f8743-o1\" lang=\"fr-FR\" dir=\"ltr\" data-wpcf7-id=\"8743\">\n<div class=\"screen-reader-response\"><p role=\"status\" aria-live=\"polite\" aria-atomic=\"true\"><\/p> <ul><\/ul><\/div>\n<form action=\"\/fr\/wp-json\/wp\/v2\/pages\/8801#wpcf7-f8743-o1\" method=\"post\" class=\"wpcf7-form init\" aria-label=\"Formulaire de contact\" novalidate=\"novalidate\" data-status=\"init\">\n<fieldset class=\"hidden-fields-container\"><input type=\"hidden\" name=\"_wpcf7\" value=\"8743\" \/><input type=\"hidden\" name=\"_wpcf7_version\" value=\"6.1.5\" \/><input type=\"hidden\" name=\"_wpcf7_locale\" value=\"fr_FR\" \/><input type=\"hidden\" name=\"_wpcf7_unit_tag\" value=\"wpcf7-f8743-o1\" \/><input type=\"hidden\" name=\"_wpcf7_container_post\" value=\"0\" \/><input type=\"hidden\" name=\"_wpcf7_posted_data_hash\" value=\"\" \/><input type=\"hidden\" name=\"_wpcf7_recaptcha_response\" value=\"\" \/>\n<\/fieldset>\n<div class=\"grid-formulier\">\n\t<div class=\"grid-item\">\n\t\t<p><span class=\"wpcf7-form-control-wrap\" data-name=\"naam\"><input size=\"40\" maxlength=\"400\" class=\"wpcf7-form-control wpcf7-text wpcf7-validates-as-required\" aria-required=\"true\" aria-invalid=\"false\" placeholder=\"Nom\" value=\"\" type=\"text\" name=\"naam\" \/><\/span>\n\t\t<\/p>\n\t<\/div>\n\t<div class=\"grid-item\">\n\t\t<p><span class=\"wpcf7-form-control-wrap\" data-name=\"email\"><input size=\"40\" maxlength=\"400\" class=\"wpcf7-form-control wpcf7-email wpcf7-text wpcf7-validates-as-email\" aria-invalid=\"false\" placeholder=\"Email\" value=\"\" type=\"email\" name=\"email\" \/><\/span>\n\t\t<\/p>\n\t<\/div>\n\t<div class=\"grid-item\">\n\t\t<p><span class=\"wpcf7-form-control-wrap\" data-name=\"tel\"><input size=\"40\" maxlength=\"400\" class=\"wpcf7-form-control wpcf7-tel wpcf7-validates-as-required wpcf7-text wpcf7-validates-as-tel\" aria-required=\"true\" aria-invalid=\"false\" placeholder=\"T\u00e9l\u00e9phone\" value=\"\" type=\"tel\" name=\"tel\" \/><\/span>\n\t\t<\/p>\n\t<\/div>\n<\/div>\n<div style=\"margin-top:8px;\">\n\t<p>Ce site est prot\u00e9g\u00e9 par reCAPTCHA, la <a href=\"https:\/\/policies.google.com\/privacy\" target=\"blank\">politique de confidentialit\u00e9<\/a> et les <a href=\"https:\/\/policies.google.com\/terms\" target=\"blank\">conditions de service<\/a> de Google s'appliquant.<br \/>\n<span class=\"wpcf7-form-control-wrap\" data-name=\"acceptance\"><span class=\"wpcf7-form-control wpcf7-acceptance\"><span class=\"wpcf7-list-item\"><label><input type=\"checkbox\" name=\"acceptance\" value=\"1\" aria-invalid=\"false\" \/><span class=\"wpcf7-list-item-label\">Je suis d'accord avec le <a href=privacybeleid target=\"_blank\"> politique de confidentialit\u00e9 <\/a><\/span><\/label><\/span><\/span><\/span><br \/>\n<input class=\"wpcf7-form-control wpcf7-submit has-spinner submit-margin-top\" type=\"submit\" value=\"Exp\u00e9dition\" \/>\n\t<\/p>\n<\/div>\n<div class=\"wpcf7-response-output\" aria-hidden=\"true\"><\/div>\n<\/form>\n<\/div>\n<div class=\"w-separator size_medium\"><\/div><div class=\"wpb_text_column\"><div class=\"wpb_wrapper\"><h2 class=\"p1\">Demandez un devis<\/h2>\n<\/div><\/div><div class=\"w-separator size_custom with_line width_default thick_2 style_solid color_primary align_center\" style=\"height:20px\"><div class=\"w-separator-h\"><\/div><\/div><div class=\"w-separator size_small\"><\/div><div class=\"g-cols wpb_row via_flex valign_top type_default\"><div class=\"vc_col-sm-12 wpb_column vc_column_container\"><div class=\"vc_column-inner\"><div class=\"wpb_wrapper\"><div class=\"wpb_text_column\"><div class=\"wpb_wrapper\"><p>Afin de vous fournir un devis personnalis\u00e9, nous avons besoin d&rsquo;un simple croquis ou plan de votre projet. Ajoutez les dimensions (hauteur et largeur) des murs, des portes et des fen\u00eatres et faites-nous savoir quelle finition vous souhaitez. Nos sp\u00e9cialistes en tiendront compte et vous soumettront une offre concr\u00e8te.<\/p>\n<p>Vous pouvez \u00e9galement appeler le 02\/306.72.17 (ouvert tous les jours de la semaine de 8h30 \u00e0 17h00) pour prendre rendez-vous. Vous pourrez alors venir jeter un coup d\u2019\u0153il.<\/p>\n<p>Avez-vous d&rsquo;autres questions ? Alors, prenez contact avec nous d\u00e8s maintenant.<\/p>\n<\/div><\/div>\n<div class=\"wpcf7 no-js\" id=\"wpcf7-f8854-o2\" lang=\"fr-FR\" dir=\"ltr\" data-wpcf7-id=\"8854\">\n<div class=\"screen-reader-response\"><p role=\"status\" aria-live=\"polite\" aria-atomic=\"true\"><\/p> <ul><\/ul><\/div>\n<form action=\"\/fr\/wp-json\/wp\/v2\/pages\/8801#wpcf7-f8854-o2\" method=\"post\" class=\"wpcf7-form init\" aria-label=\"Formulaire de contact\" novalidate=\"novalidate\" data-status=\"init\">\n<fieldset class=\"hidden-fields-container\"><input type=\"hidden\" name=\"_wpcf7\" value=\"8854\" \/><input type=\"hidden\" name=\"_wpcf7_version\" value=\"6.1.5\" \/><input type=\"hidden\" name=\"_wpcf7_locale\" value=\"fr_FR\" \/><input type=\"hidden\" name=\"_wpcf7_unit_tag\" value=\"wpcf7-f8854-o2\" \/><input type=\"hidden\" name=\"_wpcf7_container_post\" value=\"0\" \/><input type=\"hidden\" name=\"_wpcf7_posted_data_hash\" value=\"\" \/><input type=\"hidden\" name=\"_wpcf7_recaptcha_response\" value=\"\" \/>\n<\/fieldset>\n<div class=\"grid-formulier\">\n\t<div class=\"grid-item\">\n\t\t<p><span class=\"wpcf7-form-control-wrap\" data-name=\"naam\"><input size=\"40\" maxlength=\"400\" class=\"wpcf7-form-control wpcf7-text wpcf7-validates-as-required\" aria-required=\"true\" aria-invalid=\"false\" placeholder=\"Nom\" value=\"\" type=\"text\" name=\"naam\" \/><\/span>\n\t\t<\/p>\n\t<\/div>\n\t<div class=\"grid-item\">\n\t\t<p><span class=\"wpcf7-form-control-wrap\" data-name=\"email\"><input size=\"40\" maxlength=\"400\" class=\"wpcf7-form-control wpcf7-email wpcf7-text wpcf7-validates-as-email\" aria-invalid=\"false\" placeholder=\"Email\" value=\"\" type=\"email\" name=\"email\" \/><\/span>\n\t\t<\/p>\n\t<\/div>\n\t<div class=\"grid-item\">\n\t\t<p><span class=\"wpcf7-form-control-wrap\" data-name=\"tel\"><input size=\"40\" maxlength=\"400\" class=\"wpcf7-form-control wpcf7-tel wpcf7-validates-as-required wpcf7-text wpcf7-validates-as-tel\" aria-required=\"true\" aria-invalid=\"false\" placeholder=\"T\u00e9l\u00e9phone\" value=\"\" type=\"tel\" name=\"tel\" \/><\/span>\n\t\t<\/p>\n\t<\/div>\n<\/div>\n<div style=\"margin-top:8px;\">\n\t<p>Ce site est prot\u00e9g\u00e9 par reCAPTCHA, la <a href=\"https:\/\/policies.google.com\/privacy\" target=\"blank\">politique de confidentialit\u00e9<\/a> et les <a href=\"https:\/\/policies.google.com\/terms\" target=\"blank\">conditions de service<\/a> de Google s'appliquant.<br \/>\n<span class=\"wpcf7-form-control-wrap\" data-name=\"acceptance\"><span class=\"wpcf7-form-control wpcf7-acceptance\"><span class=\"wpcf7-list-item\"><label><input type=\"checkbox\" name=\"acceptance\" value=\"1\" aria-invalid=\"false\" \/><span class=\"wpcf7-list-item-label\">Je suis d'accord avec le <a href=privacybeleid target=\"_blank\"> politique de confidentialit\u00e9 <\/a><\/span><\/label><\/span><\/span><\/span><br \/>\n<input class=\"wpcf7-form-control wpcf7-submit has-spinner submit-margin-top\" id=\"offerte-fr\" type=\"submit\" value=\"Exp\u00e9dition\" \/>\n\t<\/p>\n<\/div>\n\n<div class=\"wpcf7-response-output\" aria-hidden=\"true\"><\/div>\n<\/form>\n<\/div>\n<\/div><\/div><\/div><\/div><\/div><\/div><\/div><\/div><\/div><\/section><section class=\"l-section wpb_row  hide_on_tablets hide_on_mobiles height_medium color_primary with_shape\"><div class=\"l-section-shape type_triangle-2-inv pos_top\" style=\"height:13vh;\"><svg xmlns=\"http:\/\/www.w3.org\/2000\/svg\" viewBox=\"0 0 64 8\" preserveAspectRatio=\"none\" width=\"100%\" height=\"100%\">\n\t<path fill=\"currentColor\" d=\"M64 9 L0 9 L0 7.9 L48 0 L64 7.9 Z\"\/>\n<\/svg><\/div><div class=\"l-section-h i-cf\"><div class=\"g-cols via_flex valign_top type_default\"><div class=\"vc_col-sm-12 wpb_column vc_column_container\"><div class=\"vc_column-inner\"><div class=\"wpb_wrapper\"><\/div><\/div><\/div><\/div><\/div><\/section>\n","protected":false},"excerpt":{"rendered":"En raison de la crise sanitaire, les familles qui ont un a\u00een\u00e9 en maison de repos sont inqui\u00e8tes et certaines souhaiteraient pouvoir accueillir temporairement un membre de leur famille chez eux. Cela pourrait r\u00e9duire les risques de contamination mais aussi leur \u00e9pargner la souffrance de l\u2019\u00e9loignement avec la famille. En raison de la crise sanitaire,...","protected":false},"author":5,"featured_media":0,"parent":0,"menu_order":0,"comment_status":"closed","ping_status":"closed","template":"","meta":{"_acf_changed":false,"footnotes":""},"class_list":["post-8801","page","type-page","status-publish","hentry"],"acf":[],"yoast_head":"<!-- This site is optimized with the Yoast SEO plugin v27.0 - https:\/\/yoast.com\/product\/yoast-seo-wordpress\/ -->\n<title>Actualit\u00e9s - Modulehome<\/title>\n<meta name=\"description\" content=\"ModuleHome est un syst\u00e8me de construction durable et mobile, qui r\u00e9pond \u00e0 tous vos besoins d&#039;espace de vie et de travail suppl\u00e9mentaire.\" \/>\n<meta name=\"robots\" content=\"index, follow, max-snippet:-1, max-image-preview:large, max-video-preview:-1\" \/>\n<link rel=\"canonical\" href=\"https:\/\/modulehome.be\/fr\/actualites\/\" \/>\n<meta property=\"og:locale\" content=\"fr_FR\" \/>\n<meta property=\"og:type\" content=\"article\" \/>\n<meta property=\"og:title\" content=\"Actualit\u00e9s - Modulehome\" \/>\n<meta property=\"og:description\" content=\"ModuleHome est un syst\u00e8me de construction durable et mobile, qui r\u00e9pond \u00e0 tous vos besoins d&#039;espace de vie et de travail suppl\u00e9mentaire.\" \/>\n<meta property=\"og:url\" content=\"https:\/\/modulehome.be\/fr\/actualites\/\" \/>\n<meta property=\"og:site_name\" content=\"Modulehome\" \/>\n<meta property=\"og:image\" content=\"https:\/\/modulehome.be\/wp-content\/uploads\/2021\/02\/Logo-vierkant-vr2_Tekengebied-1.png\" \/>\n\t<meta property=\"og:image:width\" content=\"920\" \/>\n\t<meta property=\"og:image:height\" content=\"920\" \/>\n\t<meta property=\"og:image:type\" content=\"image\/png\" \/>\n<meta name=\"twitter:card\" content=\"summary_large_image\" \/>\n<meta name=\"twitter:label1\" content=\"Dur\u00e9e de lecture estim\u00e9e\" \/>\n\t<meta name=\"twitter:data1\" content=\"1 minute\" \/>\n<!-- \/ Yoast SEO plugin. -->","yoast_head_json":{"title":"Actualit\u00e9s - Modulehome","description":"ModuleHome est un syst\u00e8me de construction durable et mobile, qui r\u00e9pond \u00e0 tous vos besoins d'espace de vie et de travail suppl\u00e9mentaire.","robots":{"index":"index","follow":"follow","max-snippet":"max-snippet:-1","max-image-preview":"max-image-preview:large","max-video-preview":"max-video-preview:-1"},"canonical":"https:\/\/modulehome.be\/fr\/actualites\/","og_locale":"fr_FR","og_type":"article","og_title":"Actualit\u00e9s - Modulehome","og_description":"ModuleHome est un syst\u00e8me de construction durable et mobile, qui r\u00e9pond \u00e0 tous vos besoins d'espace de vie et de travail suppl\u00e9mentaire.","og_url":"https:\/\/modulehome.be\/fr\/actualites\/","og_site_name":"Modulehome","og_image":[{"width":920,"height":920,"url":"https:\/\/modulehome.be\/wp-content\/uploads\/2021\/02\/Logo-vierkant-vr2_Tekengebied-1.png","type":"image\/png"}],"twitter_card":"summary_large_image","twitter_misc":{"Dur\u00e9e de lecture estim\u00e9e":"1 minute"},"schema":{"@context":"https:\/\/schema.org","@graph":[{"@type":"WebPage","@id":"https:\/\/modulehome.be\/fr\/actualites\/","url":"https:\/\/modulehome.be\/fr\/actualites\/","name":"Actualit\u00e9s - Modulehome","isPartOf":{"@id":"https:\/\/modulehome.be\/fr\/#website"},"datePublished":"2021-05-21T13:15:48+00:00","dateModified":"2022-08-09T14:28:11+00:00","description":"ModuleHome est un syst\u00e8me de construction durable et mobile, qui r\u00e9pond \u00e0 tous vos besoins d'espace de vie et de travail suppl\u00e9mentaire.","breadcrumb":{"@id":"https:\/\/modulehome.be\/fr\/actualites\/#breadcrumb"},"inLanguage":"fr-FR","potentialAction":[{"@type":"ReadAction","target":["https:\/\/modulehome.be\/fr\/actualites\/"]}]},{"@type":"BreadcrumbList","@id":"https:\/\/modulehome.be\/fr\/actualites\/#breadcrumb","itemListElement":[{"@type":"ListItem","position":1,"name":"Home","item":"https:\/\/modulehome.be\/fr\/"},{"@type":"ListItem","position":2,"name":"Actualit\u00e9s"}]},{"@type":"WebSite","@id":"https:\/\/modulehome.be\/fr\/#website","url":"https:\/\/modulehome.be\/fr\/","name":"Modulehome","description":"Create your own space","publisher":{"@id":"https:\/\/modulehome.be\/fr\/#organization"},"potentialAction":[{"@type":"SearchAction","target":{"@type":"EntryPoint","urlTemplate":"https:\/\/modulehome.be\/fr\/?s={search_term_string}"},"query-input":{"@type":"PropertyValueSpecification","valueRequired":true,"valueName":"search_term_string"}}],"inLanguage":"fr-FR"},{"@type":"Organization","@id":"https:\/\/modulehome.be\/fr\/#organization","name":"Modulehome","url":"https:\/\/modulehome.be\/fr\/","logo":{"@type":"ImageObject","inLanguage":"fr-FR","@id":"https:\/\/modulehome.be\/fr\/#\/schema\/logo\/image\/","url":"https:\/\/modulehome.be\/wp-content\/uploads\/2021\/02\/Logo-vierkant-vr2_Tekengebied-1.png","contentUrl":"https:\/\/modulehome.be\/wp-content\/uploads\/2021\/02\/Logo-vierkant-vr2_Tekengebied-1.png","width":920,"height":920,"caption":"Modulehome"},"image":{"@id":"https:\/\/modulehome.be\/fr\/#\/schema\/logo\/image\/"}}]}},"jetpack_sharing_enabled":true,"_links":{"self":[{"href":"https:\/\/modulehome.be\/fr\/wp-json\/wp\/v2\/pages\/8801","targetHints":{"allow":["GET"]}}],"collection":[{"href":"https:\/\/modulehome.be\/fr\/wp-json\/wp\/v2\/pages"}],"about":[{"href":"https:\/\/modulehome.be\/fr\/wp-json\/wp\/v2\/types\/page"}],"author":[{"embeddable":true,"href":"https:\/\/modulehome.be\/fr\/wp-json\/wp\/v2\/users\/5"}],"replies":[{"embeddable":true,"href":"https:\/\/modulehome.be\/fr\/wp-json\/wp\/v2\/comments?post=8801"}],"version-history":[{"count":0,"href":"https:\/\/modulehome.be\/fr\/wp-json\/wp\/v2\/pages\/8801\/revisions"}],"wp:attachment":[{"href":"https:\/\/modulehome.be\/fr\/wp-json\/wp\/v2\/media?parent=8801"}],"curies":[{"name":"wp","href":"https:\/\/api.w.org\/{rel}","templated":true}]}}