{"id":8796,"date":"2013-05-31T11:56:39","date_gmt":"2013-05-31T09:56:39","guid":{"rendered":"https:\/\/sleepy-visvesvaraya.45-82-191-31.plesk.page\/contact\/"},"modified":"2025-10-23T14:32:12","modified_gmt":"2025-10-23T12:32:12","slug":"contact","status":"publish","type":"page","link":"https:\/\/modulehome.be\/fr\/contact\/","title":{"rendered":"Contact"},"content":{"rendered":"<section class=\"l-section wpb_row us_custom_f49bc683 height_custom color_primary with_img with_shape\"><div class=\"l-section-img\" style=\"background-image: url(https:\/\/modulehome.be\/wp-content\/uploads\/2021\/09\/Modulhome-Poolhouse-Nazareth15.png);\" data-img-width=\"1366\" data-img-height=\"1025\"><\/div><div class=\"l-section-overlay\" style=\"background:rgba(2,2,2,0.67)\"><\/div><div class=\"l-section-shape type_triangle-2 pos_bottom\" style=\"height:13vh;\"><svg xmlns=\"http:\/\/www.w3.org\/2000\/svg\" viewBox=\"0 0 64 8\" preserveAspectRatio=\"none\" width=\"100%\" height=\"100%\">\n\t<path fill=\"currentColor\" d=\"M64 8 L0 8 L0 0 L48 7.9 L64 0 Z\"\/>\n<\/svg><\/div><div class=\"l-section-h i-cf\"><div class=\"g-cols via_flex valign_top type_default\"><div class=\"vc_col-sm-12 wpb_column vc_column_container\"><div class=\"vc_column-inner\"><div class=\"wpb_wrapper\"><div class=\"wpb_text_column\"><div class=\"wpb_wrapper\"><h1 style=\"text-align: center;\">Contactez nous<\/h1>\n<\/div><\/div><div class=\"w-separator size_small\"><\/div><div class=\"w-iconbox iconpos_top style_default color_custom align_center no_title no_text\"><div class=\"w-iconbox-icon\" style=\"font-size:3rem;color:#ffffff;\"><i class=\"far fa-chevron-down\"><\/i><\/div><div class=\"w-iconbox-meta\"><\/div><\/div><div class=\"w-separator size_medium\"><\/div><\/div><\/div><\/div><\/div><\/div><\/section><section class=\"l-section wpb_row height_auto\"><div class=\"l-section-h i-cf\"><div class=\"g-cols via_flex valign_top type_default\" style=\"--additional-gap:10px;\"><div class=\"vc_col-sm-4 wpb_column vc_column_container\"><div class=\"vc_column-inner us_custom_044f310d\"><div class=\"wpb_wrapper\"><div class=\"w-separator size_medium\"><\/div><div class=\"wpb_text_column\"><div class=\"wpb_wrapper\"><h2>D\u00e9tails de contact<\/h2>\n<\/div><\/div><div class=\"w-separator size_medium\"><\/div><div class=\"w-iconbox mh-footer-locations-bold iconpos_left style_circle color_primary align_left\"><a target=\"_blank\" rel=\"nofollow noopener\" href=\"https:\/\/goo.gl\/maps\/88He1TR2KssHx4yN8\" class=\"w-iconbox-link\" aria-label=\"Si\u00e8ge social\"><div class=\"w-iconbox-icon\" style=\"font-size:22px;\"><i class=\"far fa-map-marker-alt\"><\/i><\/div><\/a><div class=\"w-iconbox-meta\"><a target=\"_blank\" rel=\"nofollow noopener\" href=\"https:\/\/goo.gl\/maps\/88He1TR2KssHx4yN8\" class=\"w-iconbox-link\" aria-label=\"Si\u00e8ge social\"><div class=\"w-iconbox-title\">Si\u00e8ge social<\/div><\/a><div class=\"w-iconbox-text\"><p>Felix Roggemanskaai 7b, 1501 Buizingen<\/p>\n<\/div><\/div><\/div><div class=\"w-separator size_small\"><\/div><div class=\"w-iconbox mh-footer-locations-bold iconpos_left style_circle color_primary align_left\"><a target=\"_blank\" rel=\"nofollow noopener\" href=\"https:\/\/maps.app.goo.gl\/gPN5uJATTm4kg76MA\" class=\"w-iconbox-link\" aria-label=\"Atelier de production et salle d&rsquo;exposition\"><div class=\"w-iconbox-icon\" style=\"font-size:22px;\"><i class=\"far fa-map-marker-alt\"><\/i><\/div><\/a><div class=\"w-iconbox-meta\"><a target=\"_blank\" rel=\"nofollow noopener\" href=\"https:\/\/maps.app.goo.gl\/gPN5uJATTm4kg76MA\" class=\"w-iconbox-link\" aria-label=\"Atelier de production et salle d&rsquo;exposition\"><div class=\"w-iconbox-title\">Atelier de production et salle d&rsquo;exposition<\/div><\/a><div class=\"w-iconbox-text\"><p>Rue de la D\u00e9portation 218, 1480 Tubeke<\/p>\n<\/div><\/div><\/div><div class=\"w-separator size_small\"><\/div><div class=\"w-iconbox iconpos_left style_circle color_primary align_left no_text\"><a href=\"tel:+3226693650\" class=\"w-iconbox-link\" aria-label=\"+32 2 669 36 50\"><div class=\"w-iconbox-icon\" style=\"font-size:22px;\"><i class=\"far fa-phone\"><\/i><\/div><\/a><div class=\"w-iconbox-meta\"><a href=\"tel:+3226693650\" class=\"w-iconbox-link\" aria-label=\"+32 2 669 36 50\"><div class=\"w-iconbox-title\">+32 2 669 36 50<\/div><\/a><\/div><\/div><div class=\"w-separator size_small\"><\/div><div class=\"w-iconbox iconpos_left style_circle color_primary align_left no_text\"><a href=\"mailto:info@modulehome.be\" class=\"w-iconbox-link\" aria-label=\"info@modulehome.be\"><div class=\"w-iconbox-icon\" style=\"font-size:22px;\"><i class=\"far fa-envelope\"><\/i><\/div><\/a><div class=\"w-iconbox-meta\"><a href=\"mailto:info@modulehome.be\" class=\"w-iconbox-link\" aria-label=\"info@modulehome.be\"><div class=\"w-iconbox-title\">info@modulehome.be<\/div><\/a><\/div><\/div><div class=\"w-separator size_small\"><\/div><div class=\"w-iconbox mh-footer-locations-bold iconpos_left style_circle color_primary align_left\"><a href=\"mailto:piero@modulehome.be\" class=\"w-iconbox-link\" aria-label=\"Vente\"><div class=\"w-iconbox-icon\" style=\"font-size:22px;\"><i class=\"far fa-address-book\"><\/i><\/div><\/a><div class=\"w-iconbox-meta\"><a href=\"mailto:piero@modulehome.be\" class=\"w-iconbox-link\" aria-label=\"Vente\"><div class=\"w-iconbox-title\">Vente<\/div><\/a><div class=\"w-iconbox-text\"><p>Piero Bongiovanni<br \/>\n<a href=\"tel:0472122269\">0472\/12.22.69 <\/a><br \/>\n<a href=\"mailto:piero@modulehome.be\">piero@modulehome.be<\/a><\/p>\n<\/div><\/div><\/div><\/div><\/div><\/div><div class=\"vc_col-sm-8 wpb_column vc_column_container\"><div class=\"vc_column-inner\"><div class=\"wpb_wrapper\"><div class=\"w-separator size_medium\"><\/div><div class=\"wpb_text_column\"><div class=\"wpb_wrapper\"><h2>Des questions? Envoyez-nous un courriel!<\/h2>\n<\/div><\/div><div class=\"w-separator size_small\"><\/div>\n<div class=\"wpcf7 no-js\" id=\"wpcf7-f9073-o1\" lang=\"fr-FR\" dir=\"ltr\" data-wpcf7-id=\"9073\">\n<div class=\"screen-reader-response\"><p role=\"status\" aria-live=\"polite\" aria-atomic=\"true\"><\/p> <ul><\/ul><\/div>\n<form action=\"\/fr\/wp-json\/wp\/v2\/pages\/8796#wpcf7-f9073-o1\" method=\"post\" class=\"wpcf7-form init\" aria-label=\"Formulaire de contact\" novalidate=\"novalidate\" data-status=\"init\">\n<fieldset class=\"hidden-fields-container\"><input type=\"hidden\" name=\"_wpcf7\" value=\"9073\" \/><input type=\"hidden\" name=\"_wpcf7_version\" value=\"6.1.5\" \/><input type=\"hidden\" name=\"_wpcf7_locale\" value=\"fr_FR\" \/><input type=\"hidden\" name=\"_wpcf7_unit_tag\" value=\"wpcf7-f9073-o1\" \/><input type=\"hidden\" name=\"_wpcf7_container_post\" value=\"0\" \/><input type=\"hidden\" name=\"_wpcf7_posted_data_hash\" value=\"\" \/><input type=\"hidden\" name=\"_wpcf7_recaptcha_response\" value=\"\" \/>\n<\/fieldset>\n<div class=\"content-column one_half\">\n\t<div style=\"padding:\"O;\">\n\t\t<p><label> Votre nom*<br \/>\n<span class=\"wpcf7-form-control-wrap\" data-name=\"your-name\"><input size=\"40\" maxlength=\"400\" class=\"wpcf7-form-control wpcf7-text wpcf7-validates-as-required\" aria-required=\"true\" aria-invalid=\"false\" value=\"\" type=\"text\" name=\"your-name\" \/><\/span> <\/label>\n\t\t<\/p>\n\t<\/div>\n<\/div>\n<div class=\"content-column one_half last_column\">\n\t<p><label> Votre e-mailadres*<br \/>\n<span class=\"wpcf7-form-control-wrap\" data-name=\"your-email\"><input size=\"40\" maxlength=\"400\" class=\"wpcf7-form-control wpcf7-email wpcf7-validates-as-required wpcf7-text wpcf7-validates-as-email\" aria-required=\"true\" aria-invalid=\"false\" value=\"\" type=\"email\" name=\"your-email\" \/><\/span> <\/label>\n\t<\/p>\n<\/div>\n<div class=\"clear_column\">\n<\/div>\n<div class=\"content-column one_half\">\n\t<div style=\"padding:\"O;\">\n\t\t<p><label> Num\u00e9ro de t\u00e9l\u00e9phone*<br \/>\n<span class=\"wpcf7-form-control-wrap\" data-name=\"your-number\"><input size=\"40\" maxlength=\"400\" class=\"wpcf7-form-control wpcf7-text wpcf7-validates-as-required\" aria-required=\"true\" aria-invalid=\"false\" value=\"\" type=\"text\" name=\"your-number\" \/><\/span> <\/label>\n\t\t<\/p>\n\t<\/div>\n<\/div>\n<div class=\"content-column one_half last_column\">\n\t<p><label> Sujet*<br \/>\n<span class=\"wpcf7-form-control-wrap\" data-name=\"your-subject\"><input size=\"40\" maxlength=\"400\" class=\"wpcf7-form-control wpcf7-text wpcf7-validates-as-required\" aria-required=\"true\" aria-invalid=\"false\" value=\"\" type=\"text\" name=\"your-subject\" \/><\/span> <\/label>\n\t<\/p>\n<\/div>\n<div class=\"clear_column\">\n<\/div>\n<p><label> D'o\u00f9 connaissez-vous Modulehome?<br \/>\n<span class=\"wpcf7-form-control-wrap\" data-name=\"vanwaar\"><select class=\"wpcf7-form-control wpcf7-select\" aria-invalid=\"false\" name=\"vanwaar\"><option value=\"Notre site web\">Notre site web<\/option><option value=\"Moteur de recherche\">Moteur de recherche<\/option><option value=\"T\u00e9l\u00e9vision\">T\u00e9l\u00e9vision<\/option><option value=\"Actualit\u00e9s\/m\u00e9dias\">Actualit\u00e9s\/m\u00e9dias<\/option><option value=\"Recommandation\">Recommandation<\/option><option value=\"Autre\">Autre<\/option><\/select><\/span><\/label>\n<\/p>\n<p><label> Votre message<br \/>\n<span class=\"wpcf7-form-control-wrap\" data-name=\"your-message\"><textarea cols=\"40\" rows=\"10\" maxlength=\"2000\" class=\"wpcf7-form-control wpcf7-textarea\" aria-invalid=\"false\" name=\"your-message\"><\/textarea><\/span> <\/label>\n<\/p>\n<p>Ce site est prot\u00e9g\u00e9 par reCAPTCHA, la <a href=\"https:\/\/policies.google.com\/privacy\" target=\"blank\">politique de confidentialit\u00e9<\/a> et les <a href=\"https:\/\/policies.google.com\/terms\" target=\"blank\">conditions de service<\/a> de Google s'appliquant.<br \/>\n<br \/>\n<span class=\"wpcf7-form-control-wrap\" data-name=\"acceptance\"><span class=\"wpcf7-form-control wpcf7-acceptance\"><span class=\"wpcf7-list-item\"><label><input type=\"checkbox\" name=\"acceptance\" value=\"1\" aria-invalid=\"false\" \/><span class=\"wpcf7-list-item-label\">Je suis d'accord avec le <a href=privacybeleid target=\"_blank\"> politique de confidentialit\u00e9 <\/a><\/span><\/label><\/span><\/span><\/span>\n<\/p>\n<p><input class=\"wpcf7-form-control wpcf7-submit has-spinner\" type=\"submit\" value=\"Exp\u00e9dition\" \/>\n<\/p><div class=\"wpcf7-response-output\" aria-hidden=\"true\"><\/div>\n<\/form>\n<\/div>\n<div class=\"w-separator size_medium\"><\/div><div class=\"w-separator size_small\"><\/div><\/div><\/div><\/div><\/div><\/div><\/section>\n","protected":false},"excerpt":{"rendered":"Contactez nous D\u00e9tails de contact Si\u00e8ge socialFelix Roggemanskaai 7b, 1501 Buizingen Atelier de production et salle d&rsquo;expositionRue de la D\u00e9portation 218, 1480 Tubeke +32 2 669 36 50info@modulehome.beVentePiero Bongiovanni 0472\/12.22.69 piero@modulehome.be Des questions? Envoyez-nous un courriel! Num\u00e9ro de t\u00e9l\u00e9phone* Sujet* D'o\u00f9 connaissez-vous Modulehome? Notre site webMoteur de rechercheT\u00e9l\u00e9visionActualit\u00e9s\/m\u00e9diasRecommandationAutre Votre message Ce site est prot\u00e9g\u00e9 par...","protected":false},"author":5,"featured_media":0,"parent":0,"menu_order":0,"comment_status":"closed","ping_status":"closed","template":"","meta":{"_acf_changed":false,"footnotes":""},"class_list":["post-8796","page","type-page","status-publish","hentry"],"acf":[],"yoast_head":"<!-- This site is optimized with the Yoast SEO plugin v27.0 - https:\/\/yoast.com\/product\/yoast-seo-wordpress\/ -->\n<title>Contact - Modulehome<\/title>\n<meta name=\"description\" content=\"ModuleHome is een multifunctioneel bouwsysteem dat duurzaam, flexibel en verplaatsbaar is voor al uw behoeften aan extra woon en werkruimte.\" \/>\n<meta name=\"robots\" content=\"index, follow, max-snippet:-1, max-image-preview:large, max-video-preview:-1\" \/>\n<link rel=\"canonical\" href=\"https:\/\/modulehome.be\/fr\/contact\/\" \/>\n<meta property=\"og:locale\" content=\"fr_FR\" \/>\n<meta property=\"og:type\" content=\"article\" \/>\n<meta property=\"og:title\" content=\"Contact - Modulehome\" \/>\n<meta property=\"og:description\" content=\"ModuleHome is een multifunctioneel bouwsysteem dat duurzaam, flexibel en verplaatsbaar is voor al uw behoeften aan extra woon en werkruimte.\" \/>\n<meta property=\"og:url\" content=\"https:\/\/modulehome.be\/fr\/contact\/\" \/>\n<meta property=\"og:site_name\" content=\"Modulehome\" \/>\n<meta property=\"og:image\" content=\"https:\/\/modulehome.be\/wp-content\/uploads\/2021\/02\/Logo-vierkant-vr2_Tekengebied-1.png\" \/>\n\t<meta property=\"og:image:width\" content=\"920\" \/>\n\t<meta property=\"og:image:height\" content=\"920\" \/>\n\t<meta property=\"og:image:type\" content=\"image\/png\" \/>\n<meta name=\"twitter:card\" content=\"summary_large_image\" \/>\n<meta name=\"twitter:label1\" content=\"Dur\u00e9e de lecture estim\u00e9e\" \/>\n\t<meta name=\"twitter:data1\" content=\"1 minute\" \/>\n<!-- \/ Yoast SEO plugin. -->","yoast_head_json":{"title":"Contact - Modulehome","description":"ModuleHome is een multifunctioneel bouwsysteem dat duurzaam, flexibel en verplaatsbaar is voor al uw behoeften aan extra woon en werkruimte.","robots":{"index":"index","follow":"follow","max-snippet":"max-snippet:-1","max-image-preview":"max-image-preview:large","max-video-preview":"max-video-preview:-1"},"canonical":"https:\/\/modulehome.be\/fr\/contact\/","og_locale":"fr_FR","og_type":"article","og_title":"Contact - Modulehome","og_description":"ModuleHome is een multifunctioneel bouwsysteem dat duurzaam, flexibel en verplaatsbaar is voor al uw behoeften aan extra woon en werkruimte.","og_url":"https:\/\/modulehome.be\/fr\/contact\/","og_site_name":"Modulehome","og_image":[{"width":920,"height":920,"url":"https:\/\/modulehome.be\/wp-content\/uploads\/2021\/02\/Logo-vierkant-vr2_Tekengebied-1.png","type":"image\/png"}],"twitter_card":"summary_large_image","twitter_misc":{"Dur\u00e9e de lecture estim\u00e9e":"1 minute"},"schema":{"@context":"https:\/\/schema.org","@graph":[{"@type":"WebPage","@id":"https:\/\/modulehome.be\/fr\/contact\/","url":"https:\/\/modulehome.be\/fr\/contact\/","name":"Contact - Modulehome","isPartOf":{"@id":"https:\/\/modulehome.be\/fr\/#website"},"datePublished":"2013-05-31T09:56:39+00:00","dateModified":"2025-10-23T12:32:12+00:00","description":"ModuleHome is een multifunctioneel bouwsysteem dat duurzaam, flexibel en verplaatsbaar is voor al uw behoeften aan extra woon en werkruimte.","breadcrumb":{"@id":"https:\/\/modulehome.be\/fr\/contact\/#breadcrumb"},"inLanguage":"fr-FR","potentialAction":[{"@type":"ReadAction","target":["https:\/\/modulehome.be\/fr\/contact\/"]}]},{"@type":"BreadcrumbList","@id":"https:\/\/modulehome.be\/fr\/contact\/#breadcrumb","itemListElement":[{"@type":"ListItem","position":1,"name":"Home","item":"https:\/\/modulehome.be\/fr\/"},{"@type":"ListItem","position":2,"name":"Contact"}]},{"@type":"WebSite","@id":"https:\/\/modulehome.be\/fr\/#website","url":"https:\/\/modulehome.be\/fr\/","name":"Modulehome","description":"Create your own space","publisher":{"@id":"https:\/\/modulehome.be\/fr\/#organization"},"potentialAction":[{"@type":"SearchAction","target":{"@type":"EntryPoint","urlTemplate":"https:\/\/modulehome.be\/fr\/?s={search_term_string}"},"query-input":{"@type":"PropertyValueSpecification","valueRequired":true,"valueName":"search_term_string"}}],"inLanguage":"fr-FR"},{"@type":"Organization","@id":"https:\/\/modulehome.be\/fr\/#organization","name":"Modulehome","url":"https:\/\/modulehome.be\/fr\/","logo":{"@type":"ImageObject","inLanguage":"fr-FR","@id":"https:\/\/modulehome.be\/fr\/#\/schema\/logo\/image\/","url":"https:\/\/modulehome.be\/wp-content\/uploads\/2021\/02\/Logo-vierkant-vr2_Tekengebied-1.png","contentUrl":"https:\/\/modulehome.be\/wp-content\/uploads\/2021\/02\/Logo-vierkant-vr2_Tekengebied-1.png","width":920,"height":920,"caption":"Modulehome"},"image":{"@id":"https:\/\/modulehome.be\/fr\/#\/schema\/logo\/image\/"}}]}},"jetpack_sharing_enabled":true,"_links":{"self":[{"href":"https:\/\/modulehome.be\/fr\/wp-json\/wp\/v2\/pages\/8796","targetHints":{"allow":["GET"]}}],"collection":[{"href":"https:\/\/modulehome.be\/fr\/wp-json\/wp\/v2\/pages"}],"about":[{"href":"https:\/\/modulehome.be\/fr\/wp-json\/wp\/v2\/types\/page"}],"author":[{"embeddable":true,"href":"https:\/\/modulehome.be\/fr\/wp-json\/wp\/v2\/users\/5"}],"replies":[{"embeddable":true,"href":"https:\/\/modulehome.be\/fr\/wp-json\/wp\/v2\/comments?post=8796"}],"version-history":[{"count":4,"href":"https:\/\/modulehome.be\/fr\/wp-json\/wp\/v2\/pages\/8796\/revisions"}],"predecessor-version":[{"id":80722,"href":"https:\/\/modulehome.be\/fr\/wp-json\/wp\/v2\/pages\/8796\/revisions\/80722"}],"wp:attachment":[{"href":"https:\/\/modulehome.be\/fr\/wp-json\/wp\/v2\/media?parent=8796"}],"curies":[{"name":"wp","href":"https:\/\/api.w.org\/{rel}","templated":true}]}}