{"id":25148,"date":"2022-08-08T11:18:13","date_gmt":"2022-08-08T09:18:13","guid":{"rendered":"https:\/\/sleepy-visvesvaraya.45-82-191-31.plesk.page\/?page_id=25148"},"modified":"2022-08-09T13:39:17","modified_gmt":"2022-08-09T11:39:17","slug":"postes-vacants","status":"publish","type":"page","link":"https:\/\/modulehome.be\/fr\/postes-vacants\/","title":{"rendered":"Postes vacants"},"content":{"rendered":"<section class=\"l-section wpb_row us_custom_f49bc683 height_custom color_primary with_img with_shape\"><div class=\"l-section-img\" style=\"background-image: url(https:\/\/modulehome.be\/wp-content\/uploads\/2022\/06\/prefab-modulaire-houtskeletbouw-14.jpg);\" data-img-width=\"1366\" data-img-height=\"911\"><\/div><div class=\"l-section-overlay\" style=\"background:rgba(2,2,2,0.67)\"><\/div><div class=\"l-section-shape type_triangle-2 pos_bottom\" style=\"height:13vh;\"><svg xmlns=\"http:\/\/www.w3.org\/2000\/svg\" viewBox=\"0 0 64 8\" preserveAspectRatio=\"none\" width=\"100%\" height=\"100%\">\n\t<path fill=\"currentColor\" d=\"M64 8 L0 8 L0 0 L48 7.9 L64 0 Z\"\/>\n<\/svg><\/div><div class=\"l-section-h i-cf\"><div class=\"g-cols via_flex valign_top type_default\"><div class=\"vc_col-sm-12 wpb_column vc_column_container\"><div class=\"vc_column-inner\"><div class=\"wpb_wrapper\"><div class=\"wpb_text_column\"><div class=\"wpb_wrapper\"><h1 style=\"text-align: center;\">Devenez-vous notre nouveau coll\u00e8gue!<\/h1>\n<\/div><\/div><div class=\"w-separator size_small\"><\/div><div class=\"w-iconbox iconpos_top style_default color_custom align_center no_title no_text\"><a href=\"#intro\" class=\"w-iconbox-link\" aria-label=\"far|chevron-down\"><div class=\"w-iconbox-icon\" style=\"font-size:3rem;color:#ffffff;\"><i class=\"far fa-chevron-down\"><\/i><\/div><\/a><div class=\"w-iconbox-meta\"><\/div><\/div><div class=\"w-separator size_medium\"><\/div><\/div><\/div><\/div><\/div><\/div><\/section><section class=\"l-section wpb_row height_small\"><div class=\"l-section-h i-cf\"><div class=\"g-cols via_flex valign_top type_default\"><div class=\"vc_col-sm-12 wpb_column vc_column_container\"><div class=\"vc_column-inner\"><div class=\"wpb_wrapper\"><div class=\"w-grid type_grid layout_22801 cols_3 with_css_animation ratio_custom\" id=\"us_grid_1\" data-filterable=\"true\"><style>#us_grid_1 .w-grid-item{padding:5px}#us_grid_1 .w-grid-list{margin:-5px -5px 5px}.w-grid + #us_grid_1 .w-grid-list{margin-top:5px}@media (max-width:899px){#us_grid_1 .w-grid-item{width:50%}#us_grid_1 .w-grid-item.size_2x1,#us_grid_1 .w-grid-item.size_2x2{width:100%}}@media (max-width:599px){#us_grid_1 .w-grid-list{margin:0}#us_grid_1 .w-grid-item{width:100%;padding:0;margin-bottom:5px}}@media (min-width:1024px){#us_grid_1 .w-post-elm.post_title{font-size:20px!important}}.layout_22801 .w-grid-item-h:before{padding-bottom:80%}@media (min-width:600px){.layout_22801 .w-grid-item.size_1x2 .w-grid-item-h:before{padding-bottom:calc(160% + 5px + 5px)}.layout_22801 .w-grid-item.size_2x1 .w-grid-item-h:before{padding-bottom:calc(40% - 5px * 0.8)}.layout_22801 .w-grid-item.size_2x2 .w-grid-item-h:before{padding-bottom:calc(80% - 5px * -0.4)}}.layout_22801 .w-grid-item-h{background:rgba(26,26,26,0.80);color:#ffffff}.layout_22801 .usg_post_image_1{transition-duration:0.4s;transform-origin:50% 50%;transform:scale(1) translate(0%,0%);opacity:0.25}.layout_22801 .w-grid-item-h:hover .usg_post_image_1{transform:scale(1) translate(0%,0%);opacity:1}.layout_22801 .usg_vwrapper_1{transition-duration:0.3s;transform-origin:50% 50%;transform:scale(1) translate(0%,0%)}.layout_22801 .w-grid-item-h:hover .usg_vwrapper_1{transform:scale(1) translate(0%,0%);opacity:1;background:rgba(72,161,179,0.65)!important;color:var(--color-header-transparent-text-hover)!important}.layout_22801 .usg_post_title_1{transition-duration:0.3s;transform-origin:50% 50%;transform:scale(1) translate(0%,0%)}.layout_22801 .w-grid-item-h:hover .usg_post_title_1{transform:scale(1) translate(0%,0%);opacity:100;color:var(--color-header-middle-bg)!important}.layout_22801 .usg_post_taxonomy_1{transition-duration:0.3s;transform-origin:50% 50%;transform:scale(1) translate(0%,0%)}.layout_22801 .w-grid-item-h:hover .usg_post_taxonomy_1{transform:scale(1) translate(0%,0%);opacity:1;color:var(--color-header-middle-bg)!important}.layout_22801 .usg_post_image_1{position:absolute!important;left:0!important;top:0!important;bottom:0!important;right:0!important}.layout_22801 .usg_vwrapper_1{position:absolute!important;left:0!important;top:0!important;bottom:0!important;right:0!important;padding:2rem!important}.layout_22801 .usg_post_title_1{color:inherit!important;font-weight:600!important;font-size:1.4rem!important}<\/style><div class=\"w-grid-list\">\t<article class=\"w-grid-item us_animate_afl size_1x1 post-25252 post type-post status-publish format-standard has-post-thumbnail hentry category-postes-vacants tag-tubize-fr\" data-id=\"25252\" style=\"animation-delay:0s\">\n\t\t<div class=\"w-grid-item-h\">\n\t\t\t\t\t\t\t<a class=\"w-grid-item-anchor\" href=\"https:\/\/modulehome.be\/fr\/chefdeproductiondatelier\/\" rel=\"bookmark\" aria-label=\"Chef de production d&rsquo;atelier (H\/F\/X)\"><\/a>\n\t\t\t\t\t\t<div class=\"w-post-elm post_image usg_post_image_1 stretched\"><img loading=\"lazy\" decoding=\"async\" width=\"657\" height=\"673\" src=\"https:\/\/modulehome.be\/wp-content\/uploads\/2022\/08\/ModuleHome.jpg\" class=\"attachment-large size-large wp-post-image\" alt=\"\" srcset=\"https:\/\/modulehome.be\/wp-content\/uploads\/2022\/08\/ModuleHome.jpg 657w, https:\/\/modulehome.be\/wp-content\/uploads\/2022\/08\/ModuleHome-293x300.jpg 293w\" sizes=\"auto, (max-width: 657px) 100vw, 657px\" \/><\/div><div class=\"w-vwrapper usg_vwrapper_1 align_center valign_middle\"><h2 class=\"w-post-elm post_title usg_post_title_1 entry-title color_link_inherit has_text_color\">Chef de production d&rsquo;atelier (H\/F\/X)<\/h2><div class=\"w-post-elm post_taxonomy usg_post_taxonomy_1 style_simple color_link_inherit\"><a href=\"https:\/\/modulehome.be\/fr\/tag\/tubize-fr\/\" rel=\"tag\">Tubize<\/a><\/div><\/div>\t\t<\/div>\n\t<\/article>\n<\/div><div class=\"w-grid-preloader\"><div class=\"g-preloader type_1\">\n\t<div><\/div>\n<\/div>\n<\/div>\t<div class=\"w-grid-json hidden\" onclick='return {&quot;action&quot;:&quot;us_ajax_grid&quot;,&quot;ajax_url&quot;:&quot;https:\\\/\\\/modulehome.be\\\/wp-admin\\\/admin-ajax.php&quot;,&quot;infinite_scroll&quot;:0,&quot;max_num_pages&quot;:1,&quot;pagination&quot;:&quot;infinite&quot;,&quot;permalink_url&quot;:&quot;https:\\\/\\\/modulehome.be\\\/fr\\\/wp-json\\\/wp\\\/v2\\\/pages\\\/25148\\\/&quot;,&quot;template_vars&quot;:{&quot;columns&quot;:&quot;3&quot;,&quot;exclude_items&quot;:&quot;none&quot;,&quot;img_size&quot;:&quot;default&quot;,&quot;ignore_items_size&quot;:false,&quot;items_layout&quot;:&quot;22801&quot;,&quot;items_offset&quot;:&quot;1&quot;,&quot;load_animation&quot;:&quot;afl&quot;,&quot;overriding_link&quot;:&quot;post&quot;,&quot;post_id&quot;:25148,&quot;query_args&quot;:{&quot;post_type&quot;:[&quot;post&quot;],&quot;tax_query&quot;:[{&quot;taxonomy&quot;:&quot;category&quot;,&quot;field&quot;:&quot;slug&quot;,&quot;terms&quot;:[&quot;postes-vacants&quot;]}],&quot;post_status&quot;:[&quot;publish&quot;,&quot;acf-disabled&quot;],&quot;posts_per_page&quot;:&quot;8&quot;},&quot;orderby_query_args&quot;:{&quot;orderby&quot;:{&quot;date&quot;:&quot;DESC&quot;}},&quot;type&quot;:&quot;grid&quot;,&quot;us_grid_ajax_index&quot;:1,&quot;us_grid_filter_params&quot;:null,&quot;us_grid_index&quot;:1,&quot;_us_grid_post_type&quot;:&quot;post&quot;,&quot;lang&quot;:&quot;fr&quot;}}'><\/div>\n\t<\/div><div class=\"w-separator size_small\"><\/div><\/div><\/div><\/div><\/div><\/div><\/section><section class=\"l-section wpb_row height_medium color_primary with_shape\"><div class=\"l-section-shape type_triangle-2-inv pos_top\" style=\"height:13vh;\"><svg xmlns=\"http:\/\/www.w3.org\/2000\/svg\" viewBox=\"0 0 64 8\" preserveAspectRatio=\"none\" width=\"100%\" height=\"100%\">\n\t<path fill=\"currentColor\" d=\"M64 9 L0 9 L0 7.9 L48 0 L64 7.9 Z\"\/>\n<\/svg><\/div><div class=\"l-section-h i-cf\"><div class=\"g-cols via_flex valign_top type_default\"><div class=\"vc_col-sm-12 wpb_column vc_column_container\"><div class=\"vc_column-inner\"><div class=\"wpb_wrapper\"><\/div><\/div><\/div><\/div><\/div><\/section>\n","protected":false},"excerpt":{"rendered":"Chef de production d&rsquo;atelier (H\/F\/X)TubizeTemps pleinQui sommes-nous? S&rsquo;appuyant sur des ann\u00e9es d&rsquo;exp\u00e9rience dans le secteur de la construction, ModuleHome propose des modules de haute qualit\u00e9 et de finitions professionnelles. Notre environnement \u00e9tant en constante \u00e9volution, il est important que nous nous adaptions constamment aux nouvelles situations. La construction \u00e0 ossature bois prenant\u00a0 le dessus en...","protected":false},"author":5,"featured_media":0,"parent":0,"menu_order":0,"comment_status":"closed","ping_status":"closed","template":"","meta":{"_acf_changed":false,"footnotes":""},"class_list":["post-25148","page","type-page","status-publish","hentry"],"acf":[],"yoast_head":"<!-- This site is optimized with the Yoast SEO plugin v27.0 - https:\/\/yoast.com\/product\/yoast-seo-wordpress\/ -->\n<title>Postes vacants - Modulehome<\/title>\n<meta name=\"robots\" content=\"index, follow, max-snippet:-1, max-image-preview:large, max-video-preview:-1\" \/>\n<link rel=\"canonical\" href=\"https:\/\/modulehome.be\/fr\/postes-vacants\/\" \/>\n<meta property=\"og:locale\" content=\"fr_FR\" \/>\n<meta property=\"og:type\" content=\"article\" \/>\n<meta property=\"og:title\" content=\"Postes vacants - Modulehome\" \/>\n<meta property=\"og:url\" content=\"https:\/\/modulehome.be\/fr\/postes-vacants\/\" \/>\n<meta property=\"og:site_name\" content=\"Modulehome\" \/>\n<meta property=\"og:image\" content=\"https:\/\/modulehome.be\/wp-content\/uploads\/2021\/02\/Logo-vierkant-vr2_Tekengebied-1.png\" \/>\n\t<meta property=\"og:image:width\" content=\"920\" \/>\n\t<meta property=\"og:image:height\" content=\"920\" \/>\n\t<meta property=\"og:image:type\" content=\"image\/png\" \/>\n<meta name=\"twitter:card\" content=\"summary_large_image\" \/>\n<meta name=\"twitter:label1\" content=\"Dur\u00e9e de lecture estim\u00e9e\" \/>\n\t<meta name=\"twitter:data1\" content=\"1 minute\" \/>\n<!-- \/ Yoast SEO plugin. -->","yoast_head_json":{"title":"Postes vacants - Modulehome","robots":{"index":"index","follow":"follow","max-snippet":"max-snippet:-1","max-image-preview":"max-image-preview:large","max-video-preview":"max-video-preview:-1"},"canonical":"https:\/\/modulehome.be\/fr\/postes-vacants\/","og_locale":"fr_FR","og_type":"article","og_title":"Postes vacants - Modulehome","og_url":"https:\/\/modulehome.be\/fr\/postes-vacants\/","og_site_name":"Modulehome","og_image":[{"width":920,"height":920,"url":"https:\/\/modulehome.be\/wp-content\/uploads\/2021\/02\/Logo-vierkant-vr2_Tekengebied-1.png","type":"image\/png"}],"twitter_card":"summary_large_image","twitter_misc":{"Dur\u00e9e de lecture estim\u00e9e":"1 minute"},"schema":{"@context":"https:\/\/schema.org","@graph":[{"@type":"WebPage","@id":"https:\/\/modulehome.be\/fr\/postes-vacants\/","url":"https:\/\/modulehome.be\/fr\/postes-vacants\/","name":"Postes vacants - Modulehome","isPartOf":{"@id":"https:\/\/modulehome.be\/fr\/#website"},"datePublished":"2022-08-08T09:18:13+00:00","dateModified":"2022-08-09T11:39:17+00:00","breadcrumb":{"@id":"https:\/\/modulehome.be\/fr\/postes-vacants\/#breadcrumb"},"inLanguage":"fr-FR","potentialAction":[{"@type":"ReadAction","target":["https:\/\/modulehome.be\/fr\/postes-vacants\/"]}]},{"@type":"BreadcrumbList","@id":"https:\/\/modulehome.be\/fr\/postes-vacants\/#breadcrumb","itemListElement":[{"@type":"ListItem","position":1,"name":"Home","item":"https:\/\/modulehome.be\/fr\/"},{"@type":"ListItem","position":2,"name":"Postes vacants"}]},{"@type":"WebSite","@id":"https:\/\/modulehome.be\/fr\/#website","url":"https:\/\/modulehome.be\/fr\/","name":"Modulehome","description":"Create your own space","publisher":{"@id":"https:\/\/modulehome.be\/fr\/#organization"},"potentialAction":[{"@type":"SearchAction","target":{"@type":"EntryPoint","urlTemplate":"https:\/\/modulehome.be\/fr\/?s={search_term_string}"},"query-input":{"@type":"PropertyValueSpecification","valueRequired":true,"valueName":"search_term_string"}}],"inLanguage":"fr-FR"},{"@type":"Organization","@id":"https:\/\/modulehome.be\/fr\/#organization","name":"Modulehome","url":"https:\/\/modulehome.be\/fr\/","logo":{"@type":"ImageObject","inLanguage":"fr-FR","@id":"https:\/\/modulehome.be\/fr\/#\/schema\/logo\/image\/","url":"https:\/\/modulehome.be\/wp-content\/uploads\/2021\/02\/Logo-vierkant-vr2_Tekengebied-1.png","contentUrl":"https:\/\/modulehome.be\/wp-content\/uploads\/2021\/02\/Logo-vierkant-vr2_Tekengebied-1.png","width":920,"height":920,"caption":"Modulehome"},"image":{"@id":"https:\/\/modulehome.be\/fr\/#\/schema\/logo\/image\/"}}]}},"jetpack_sharing_enabled":true,"_links":{"self":[{"href":"https:\/\/modulehome.be\/fr\/wp-json\/wp\/v2\/pages\/25148","targetHints":{"allow":["GET"]}}],"collection":[{"href":"https:\/\/modulehome.be\/fr\/wp-json\/wp\/v2\/pages"}],"about":[{"href":"https:\/\/modulehome.be\/fr\/wp-json\/wp\/v2\/types\/page"}],"author":[{"embeddable":true,"href":"https:\/\/modulehome.be\/fr\/wp-json\/wp\/v2\/users\/5"}],"replies":[{"embeddable":true,"href":"https:\/\/modulehome.be\/fr\/wp-json\/wp\/v2\/comments?post=25148"}],"version-history":[{"count":0,"href":"https:\/\/modulehome.be\/fr\/wp-json\/wp\/v2\/pages\/25148\/revisions"}],"wp:attachment":[{"href":"https:\/\/modulehome.be\/fr\/wp-json\/wp\/v2\/media?parent=25148"}],"curies":[{"name":"wp","href":"https:\/\/api.w.org\/{rel}","templated":true}]}}